{"id":30,"date":"2021-09-01T19:26:41","date_gmt":"2021-09-01T19:26:41","guid":{"rendered":"http:\/\/www.diamondzlash.com\/menu\/"},"modified":"2021-10-08T13:51:38","modified_gmt":"2021-10-08T20:51:38","slug":"menu","status":"publish","type":"page","link":"https:\/\/www.diamondzlash.com\/en\/menu\/","title":{"rendered":"Products"},"content":{"rendered":"<figure class=\"wp-block-image alignwide size-large\"><img loading=\"lazy\" width=\"1024\" height=\"890\" src=\"http:\/\/www.diamondzlash.com\/wp-content\/uploads\/2021\/09\/ImagenOtraMontajeHD_2500-1024x890.jpg\" alt=\"\" class=\"wp-image-501\" srcset=\"https:\/\/www.diamondzlash.com\/wp-content\/uploads\/2021\/09\/ImagenOtraMontajeHD_2500-1024x890.jpg 1024w, https:\/\/www.diamondzlash.com\/wp-content\/uploads\/2021\/09\/ImagenOtraMontajeHD_2500-600x521.jpg 600w, https:\/\/www.diamondzlash.com\/wp-content\/uploads\/2021\/09\/ImagenOtraMontajeHD_2500-300x261.jpg 300w, https:\/\/www.diamondzlash.com\/wp-content\/uploads\/2021\/09\/ImagenOtraMontajeHD_2500-768x667.jpg 768w, https:\/\/www.diamondzlash.com\/wp-content\/uploads\/2021\/09\/ImagenOtraMontajeHD_2500-1536x1334.jpg 1536w, https:\/\/www.diamondzlash.com\/wp-content\/uploads\/2021\/09\/ImagenOtraMontajeHD_2500-2048x1779.jpg 2048w, https:\/\/www.diamondzlash.com\/wp-content\/uploads\/2021\/09\/ImagenOtraMontajeHD_2500-14x12.jpg 14w\" sizes=\"(max-width: 1024px) 100vw, 1024px\" \/><\/figure>\n\n\n\n<h2 class=\"has-text-align-center\">OUR PRODUCTS<\/h2>\n\n\n\n<div class=\"wp-block-image\"><figure class=\"aligncenter size-large\"><img loading=\"lazy\" width=\"1024\" height=\"593\" src=\"https:\/\/www.diamondzlash.com\/wp-content\/uploads\/2021\/09\/zlash-product-5104_recorteFull1-1024x593.jpg\" alt=\"\" class=\"wp-image-446\" srcset=\"https:\/\/www.diamondzlash.com\/wp-content\/uploads\/2021\/09\/zlash-product-5104_recorteFull1-1024x593.jpg 1024w, https:\/\/www.diamondzlash.com\/wp-content\/uploads\/2021\/09\/zlash-product-5104_recorteFull1-600x347.jpg 600w, https:\/\/www.diamondzlash.com\/wp-content\/uploads\/2021\/09\/zlash-product-5104_recorteFull1-300x174.jpg 300w, https:\/\/www.diamondzlash.com\/wp-content\/uploads\/2021\/09\/zlash-product-5104_recorteFull1-768x444.jpg 768w, https:\/\/www.diamondzlash.com\/wp-content\/uploads\/2021\/09\/zlash-product-5104_recorteFull1-18x10.jpg 18w, https:\/\/www.diamondzlash.com\/wp-content\/uploads\/2021\/09\/zlash-product-5104_recorteFull1.jpg 1080w\" sizes=\"(max-width: 1024px) 100vw, 1024px\" \/><figcaption>Products<\/figcaption><\/figure><\/div>\n\n\n\n<p class=\"has-text-align-left\">Our main product is DIAMOND Z LASH ENHANCER, a Serum that promotes the growth of eyelashes and eyebrows, acting from the root, strengthening the follicle in a natural way.<\/p>\n\n\n\n<figure class=\"wp-block-image size-large\"><img loading=\"lazy\" width=\"717\" height=\"1024\" src=\"http:\/\/www.diamondzlash.com\/wp-content\/uploads\/2021\/09\/p1-717x1024.png\" alt=\"\" class=\"wp-image-397\" srcset=\"https:\/\/www.diamondzlash.com\/wp-content\/uploads\/2021\/09\/p1-717x1024.png 717w, https:\/\/www.diamondzlash.com\/wp-content\/uploads\/2021\/09\/p1-600x857.png 600w, https:\/\/www.diamondzlash.com\/wp-content\/uploads\/2021\/09\/p1-210x300.png 210w, https:\/\/www.diamondzlash.com\/wp-content\/uploads\/2021\/09\/p1-768x1097.png 768w, https:\/\/www.diamondzlash.com\/wp-content\/uploads\/2021\/09\/p1.png 896w\" sizes=\"(max-width: 717px) 100vw, 717px\" \/><\/figure>\n\n\n\n<p class=\"has-text-align-left\">Its perfect complement is DIAMOND Z LASH MAGIC MASCARA, a mask made with natural fibers, which will instantly lengthen your lashes.<\/p>\n\n\n\n<figure class=\"wp-block-image size-large\"><img loading=\"lazy\" width=\"717\" height=\"1024\" src=\"http:\/\/www.diamondzlash.com\/wp-content\/uploads\/2021\/09\/p2-717x1024.png\" alt=\"\" class=\"wp-image-396\" srcset=\"https:\/\/www.diamondzlash.com\/wp-content\/uploads\/2021\/09\/p2-717x1024.png 717w, https:\/\/www.diamondzlash.com\/wp-content\/uploads\/2021\/09\/p2-600x857.png 600w, https:\/\/www.diamondzlash.com\/wp-content\/uploads\/2021\/09\/p2-210x300.png 210w, https:\/\/www.diamondzlash.com\/wp-content\/uploads\/2021\/09\/p2-768x1097.png 768w, https:\/\/www.diamondzlash.com\/wp-content\/uploads\/2021\/09\/p2.png 896w\" sizes=\"(max-width: 717px) 100vw, 717px\" \/><\/figure>\n\n\n\n<p class=\"has-text-align-center\">Together they make the PERFECT DUO!<\/p>\n\n\n\n<figure class=\"wp-container-2 wp-block-gallery-1 wp-block-gallery aligncenter columns-1 is-cropped\"><ul class=\"blocks-gallery-grid\"><li class=\"blocks-gallery-item\"><figure><img loading=\"lazy\" width=\"717\" height=\"1024\" src=\"http:\/\/www.diamondzlash.com\/wp-content\/uploads\/2021\/09\/both-717x1024.png\" alt=\"\" data-id=\"398\" data-full-url=\"http:\/\/www.diamondzlash.com\/wp-content\/uploads\/2021\/09\/both.png\" data-link=\"https:\/\/www.diamondzlash.com\/both\/\" class=\"wp-image-398\" srcset=\"https:\/\/www.diamondzlash.com\/wp-content\/uploads\/2021\/09\/both-717x1024.png 717w, https:\/\/www.diamondzlash.com\/wp-content\/uploads\/2021\/09\/both-600x857.png 600w, https:\/\/www.diamondzlash.com\/wp-content\/uploads\/2021\/09\/both-210x300.png 210w, https:\/\/www.diamondzlash.com\/wp-content\/uploads\/2021\/09\/both-768x1097.png 768w, https:\/\/www.diamondzlash.com\/wp-content\/uploads\/2021\/09\/both.png 896w\" sizes=\"(max-width: 717px) 100vw, 717px\" \/><figcaption class=\"blocks-gallery-item__caption\">Diamond Z Lash Duo<\/figcaption><\/figure><\/li><\/ul><\/figure>\n\n\n\n<p>This product is vegan and Ecocert certified, dermatologist approved and gluten free, as well as cruelty and irritation free.<\/p>\n\n\n\n<p><strong>Suggested use:<\/strong><\/p>\n\n\n\n<p>1.- Apply once a day on clean and dry skin.<\/p>\n\n\n\n<p>2.- Pass the applicator brush along the lash line in the same way as the liquid eyeliner.<\/p>\n\n\n\n<p>3.- Let the product absorb and dry on the skin before applying additional products.<\/p>\n\n\n\n<p><strong>DIAMOND Z LASH<\/strong> It is safe, effective and does not require a prescription, since it is a product that belongs to the category of drug-free cosmetics, which provides users with effective results without side effects.<\/p>\n\n\n\n<figure class=\"wp-block-image size-full\"><img loading=\"lazy\" width=\"792\" height=\"612\" src=\"http:\/\/www.diamondzlash.com\/wp-content\/uploads\/2021\/09\/WhatsApp-Image-2021-09-28-at-5.40.24-PM.jpeg\" alt=\"\" class=\"wp-image-526\" srcset=\"https:\/\/www.diamondzlash.com\/wp-content\/uploads\/2021\/09\/WhatsApp-Image-2021-09-28-at-5.40.24-PM.jpeg 1280w, https:\/\/www.diamondzlash.com\/wp-content\/uploads\/2021\/09\/WhatsApp-Image-2021-09-28-at-5.40.24-PM-600x464.jpeg 600w, https:\/\/www.diamondzlash.com\/wp-content\/uploads\/2021\/09\/WhatsApp-Image-2021-09-28-at-5.40.24-PM-300x232.jpeg 300w, https:\/\/www.diamondzlash.com\/wp-content\/uploads\/2021\/09\/WhatsApp-Image-2021-09-28-at-5.40.24-PM-1024x791.jpeg 1024w, https:\/\/www.diamondzlash.com\/wp-content\/uploads\/2021\/09\/WhatsApp-Image-2021-09-28-at-5.40.24-PM-768x593.jpeg 768w\" sizes=\"(max-width: 792px) 100vw, 792px\" \/><\/figure>","protected":false},"excerpt":{"rendered":"<p>NUESTROS PRODUCTOS Nuestro producto principal es DIAMOND Z LASH ENHANCER, un S\u00e9rum que promueve el crecimiento de pesta\u00f1as y cejas, actuando desde la ra\u00edz, fortaleciendo el fol\u00edculo de forma natural. Su complemento perfecto es DIAMOND Z LASH MAGIC M\u00c1SCARA, una m\u00e1scara elaborada con fibras naturales, que alargar\u00e1 instant\u00e1neamente tus pesta\u00f1as. Juntos hacen el D\u00daO PERFECTO! [&hellip;]<\/p>","protected":false},"author":1,"featured_media":0,"parent":0,"menu_order":0,"comment_status":"closed","ping_status":"closed","template":"","meta":{"_coblocks_attr":"","_coblocks_dimensions":"","_coblocks_responsive_height":"","_coblocks_accordion_ie_support":"","hide_page_title":""},"_links":{"self":[{"href":"https:\/\/www.diamondzlash.com\/en\/wp-json\/wp\/v2\/pages\/30"}],"collection":[{"href":"https:\/\/www.diamondzlash.com\/en\/wp-json\/wp\/v2\/pages"}],"about":[{"href":"https:\/\/www.diamondzlash.com\/en\/wp-json\/wp\/v2\/types\/page"}],"author":[{"embeddable":true,"href":"https:\/\/www.diamondzlash.com\/en\/wp-json\/wp\/v2\/users\/1"}],"replies":[{"embeddable":true,"href":"https:\/\/www.diamondzlash.com\/en\/wp-json\/wp\/v2\/comments?post=30"}],"version-history":[{"count":53,"href":"https:\/\/www.diamondzlash.com\/en\/wp-json\/wp\/v2\/pages\/30\/revisions"}],"predecessor-version":[{"id":527,"href":"https:\/\/www.diamondzlash.com\/en\/wp-json\/wp\/v2\/pages\/30\/revisions\/527"}],"wp:attachment":[{"href":"https:\/\/www.diamondzlash.com\/en\/wp-json\/wp\/v2\/media?parent=30"}],"curies":[{"name":"wp","href":"https:\/\/api.w.org\/{rel}","templated":true}]}}