{"id":25,"date":"2021-09-01T19:26:41","date_gmt":"2021-09-01T19:26:41","guid":{"rendered":"http:\/\/www.diamondzlash.com\/inicio\/"},"modified":"2021-10-19T13:18:56","modified_gmt":"2021-10-19T20:18:56","slug":"inicio","status":"publish","type":"page","link":"https:\/\/www.diamondzlash.com\/en\/","title":{"rendered":"Home"},"content":{"rendered":"<figure class=\"wp-block-image alignfull size-large is-style-default\"><img loading=\"lazy\" width=\"1024\" height=\"683\" src=\"http:\/\/www.diamondzlash.com\/wp-content\/uploads\/2021\/09\/ImagenPortadaMontajeHD_2500-1024x683.jpg\" alt=\"\" class=\"wp-image-492\" srcset=\"https:\/\/www.diamondzlash.com\/wp-content\/uploads\/2021\/09\/ImagenPortadaMontajeHD_2500-1024x683.jpg 1024w, https:\/\/www.diamondzlash.com\/wp-content\/uploads\/2021\/09\/ImagenPortadaMontajeHD_2500-600x400.jpg 600w, https:\/\/www.diamondzlash.com\/wp-content\/uploads\/2021\/09\/ImagenPortadaMontajeHD_2500-300x200.jpg 300w, https:\/\/www.diamondzlash.com\/wp-content\/uploads\/2021\/09\/ImagenPortadaMontajeHD_2500-768x512.jpg 768w, https:\/\/www.diamondzlash.com\/wp-content\/uploads\/2021\/09\/ImagenPortadaMontajeHD_2500-1536x1024.jpg 1536w, https:\/\/www.diamondzlash.com\/wp-content\/uploads\/2021\/09\/ImagenPortadaMontajeHD_2500-2048x1366.jpg 2048w, https:\/\/www.diamondzlash.com\/wp-content\/uploads\/2021\/09\/ImagenPortadaMontajeHD_2500-18x12.jpg 18w\" sizes=\"(max-width: 1024px) 100vw, 1024px\" \/><\/figure>\n\n\n\n<h1 class=\"has-text-align-center\">Eyes that Captivate<\/h1>\n\n\n\n<figure class=\"wp-block-image size-full\"><img loading=\"lazy\" width=\"958\" height=\"641\" src=\"https:\/\/www.diamondzlash.com\/wp-content\/uploads\/2021\/09\/miradaDZL.jpg\" alt=\"\" class=\"wp-image-352\" srcset=\"https:\/\/www.diamondzlash.com\/wp-content\/uploads\/2021\/09\/miradaDZL.jpg 958w, https:\/\/www.diamondzlash.com\/wp-content\/uploads\/2021\/09\/miradaDZL-600x401.jpg 600w, https:\/\/www.diamondzlash.com\/wp-content\/uploads\/2021\/09\/miradaDZL-300x201.jpg 300w, https:\/\/www.diamondzlash.com\/wp-content\/uploads\/2021\/09\/miradaDZL-768x514.jpg 768w\" sizes=\"(max-width: 958px) 100vw, 958px\" \/><\/figure>\n\n\n\n<p>DIAMOND Z LASH is a powerful lash enhancing serum, created by a team of cosmetic scientists <\/p>\n\n\n\n<p>This innovative and powerful formula is clinically proven to develop longer and thicker lashes, while helping fragile and brittle lashes appear healthy and strong.<\/p>\n\n\n\n<figure class=\"wp-block-video aligncenter\"><video controls src=\"http:\/\/www.diamondzlash.com\/wp-content\/uploads\/2021\/09\/promo-video.mp4\"><\/video><\/figure>\n\n\n\n<div class=\"wp-block-button aligncenter is-style-default\"><a class=\"wp-block-button__link\" href=\"https:\/\/www.diamondzlash.com\/en\/menu\/\">More Information<\/a><\/div>\n\n\n\n<h2>Stunning Lashes in just Weeks!<\/h2>\n\n\n\n<div class=\"wp-block-coblocks-gallery-masonry\"><div class=\"coblocks-gallery has-caption-style-dark has-gutter\"><ul class=\"has-grid-xlrg has-gutter-15 has-gutter-mobile-15\"><li class=\"coblocks-gallery--item coblocks-animate\" data-coblocks-animation=\"slideInBottom\"><figure class=\"coblocks-gallery--figure\"><img loading=\"lazy\" width=\"1000\" height=\"1000\" src=\"http:\/\/www.diamondzlash.com\/wp-content\/uploads\/2021\/10\/antes3b.jpg\" alt=\"\" data-id=\"542\" data-imglink=\"\" data-link=\"https:\/\/www.diamondzlash.com\/antes3b\/\" class=\"wp-image-542\" srcset=\"https:\/\/www.diamondzlash.com\/wp-content\/uploads\/2021\/10\/antes3b.jpg 1000w, https:\/\/www.diamondzlash.com\/wp-content\/uploads\/2021\/10\/antes3b-300x300.jpg 300w, https:\/\/www.diamondzlash.com\/wp-content\/uploads\/2021\/10\/antes3b-100x100.jpg 100w, https:\/\/www.diamondzlash.com\/wp-content\/uploads\/2021\/10\/antes3b-600x600.jpg 600w, https:\/\/www.diamondzlash.com\/wp-content\/uploads\/2021\/10\/antes3b-150x150.jpg 150w, https:\/\/www.diamondzlash.com\/wp-content\/uploads\/2021\/10\/antes3b-768x768.jpg 768w, https:\/\/www.diamondzlash.com\/wp-content\/uploads\/2021\/10\/antes3b-12x12.jpg 12w\" sizes=\"(max-width: 1000px) 100vw, 1000px\" \/><\/figure><\/li><li class=\"coblocks-gallery--item coblocks-animate\" data-coblocks-animation=\"slideInBottom\"><figure class=\"coblocks-gallery--figure\"><img loading=\"lazy\" width=\"1000\" height=\"1000\" src=\"http:\/\/www.diamondzlash.com\/wp-content\/uploads\/2021\/10\/despues3b.jpg\" alt=\"\" data-id=\"541\" data-imglink=\"\" data-link=\"https:\/\/www.diamondzlash.com\/despues3b\/\" class=\"wp-image-541\" srcset=\"https:\/\/www.diamondzlash.com\/wp-content\/uploads\/2021\/10\/despues3b.jpg 1000w, https:\/\/www.diamondzlash.com\/wp-content\/uploads\/2021\/10\/despues3b-300x300.jpg 300w, https:\/\/www.diamondzlash.com\/wp-content\/uploads\/2021\/10\/despues3b-100x100.jpg 100w, https:\/\/www.diamondzlash.com\/wp-content\/uploads\/2021\/10\/despues3b-600x600.jpg 600w, https:\/\/www.diamondzlash.com\/wp-content\/uploads\/2021\/10\/despues3b-150x150.jpg 150w, https:\/\/www.diamondzlash.com\/wp-content\/uploads\/2021\/10\/despues3b-768x768.jpg 768w, https:\/\/www.diamondzlash.com\/wp-content\/uploads\/2021\/10\/despues3b-12x12.jpg 12w\" sizes=\"(max-width: 1000px) 100vw, 1000px\" \/><\/figure><\/li><li class=\"coblocks-gallery--item coblocks-animate\" data-coblocks-animation=\"slideInBottom\"><figure class=\"coblocks-gallery--figure\"><img loading=\"lazy\" width=\"1024\" height=\"961\" src=\"http:\/\/www.diamondzlash.com\/wp-content\/uploads\/2021\/09\/AntesMedium-1024x961.jpg\" alt=\"\" data-id=\"408\" data-imglink=\"\" data-link=\"https:\/\/www.diamondzlash.com\/antesmedium\/\" class=\"wp-image-408\" srcset=\"https:\/\/www.diamondzlash.com\/wp-content\/uploads\/2021\/09\/AntesMedium-1024x961.jpg 1024w, https:\/\/www.diamondzlash.com\/wp-content\/uploads\/2021\/09\/AntesMedium-600x563.jpg 600w, https:\/\/www.diamondzlash.com\/wp-content\/uploads\/2021\/09\/AntesMedium-300x282.jpg 300w, https:\/\/www.diamondzlash.com\/wp-content\/uploads\/2021\/09\/AntesMedium-768x721.jpg 768w, https:\/\/www.diamondzlash.com\/wp-content\/uploads\/2021\/09\/AntesMedium.jpg 1080w\" sizes=\"(max-width: 1024px) 100vw, 1024px\" \/><\/figure><\/li><li class=\"coblocks-gallery--item coblocks-animate\" data-coblocks-animation=\"slideInBottom\"><figure class=\"coblocks-gallery--figure\"><img loading=\"lazy\" width=\"1024\" height=\"961\" src=\"http:\/\/www.diamondzlash.com\/wp-content\/uploads\/2021\/09\/DespuesMedium-1024x961.jpg\" alt=\"\" data-id=\"407\" data-imglink=\"\" data-link=\"https:\/\/www.diamondzlash.com\/despuesmedium\/\" class=\"wp-image-407\" srcset=\"https:\/\/www.diamondzlash.com\/wp-content\/uploads\/2021\/09\/DespuesMedium-1024x961.jpg 1024w, https:\/\/www.diamondzlash.com\/wp-content\/uploads\/2021\/09\/DespuesMedium-600x563.jpg 600w, https:\/\/www.diamondzlash.com\/wp-content\/uploads\/2021\/09\/DespuesMedium-300x282.jpg 300w, https:\/\/www.diamondzlash.com\/wp-content\/uploads\/2021\/09\/DespuesMedium-768x721.jpg 768w, https:\/\/www.diamondzlash.com\/wp-content\/uploads\/2021\/09\/DespuesMedium.jpg 1080w\" sizes=\"(max-width: 1024px) 100vw, 1024px\" \/><\/figure><\/li><li class=\"coblocks-gallery--item coblocks-animate\" data-coblocks-animation=\"slideInBottom\"><figure class=\"coblocks-gallery--figure\"><img loading=\"lazy\" width=\"1024\" height=\"1024\" src=\"http:\/\/www.diamondzlash.com\/wp-content\/uploads\/2021\/10\/antes1web-1024x1024.jpg\" alt=\"\" data-id=\"531\" data-imglink=\"\" data-link=\"https:\/\/www.diamondzlash.com\/inicio\/antes1web\/\" class=\"wp-image-531\" srcset=\"https:\/\/www.diamondzlash.com\/wp-content\/uploads\/2021\/10\/antes1web-1024x1024.jpg 1024w, https:\/\/www.diamondzlash.com\/wp-content\/uploads\/2021\/10\/antes1web-300x300.jpg 300w, https:\/\/www.diamondzlash.com\/wp-content\/uploads\/2021\/10\/antes1web-100x100.jpg 100w, https:\/\/www.diamondzlash.com\/wp-content\/uploads\/2021\/10\/antes1web-600x600.jpg 600w, https:\/\/www.diamondzlash.com\/wp-content\/uploads\/2021\/10\/antes1web-150x150.jpg 150w, https:\/\/www.diamondzlash.com\/wp-content\/uploads\/2021\/10\/antes1web-768x769.jpg 768w, https:\/\/www.diamondzlash.com\/wp-content\/uploads\/2021\/10\/antes1web-12x12.jpg 12w, https:\/\/www.diamondzlash.com\/wp-content\/uploads\/2021\/10\/antes1web.jpg 1522w\" sizes=\"(max-width: 1024px) 100vw, 1024px\" \/><\/figure><\/li><li class=\"coblocks-gallery--item coblocks-animate\" data-coblocks-animation=\"slideInBottom\"><figure class=\"coblocks-gallery--figure\"><img loading=\"lazy\" width=\"1024\" height=\"1024\" src=\"http:\/\/www.diamondzlash.com\/wp-content\/uploads\/2021\/10\/despues1web-1024x1024.jpg\" alt=\"\" data-id=\"530\" data-imglink=\"\" data-link=\"https:\/\/www.diamondzlash.com\/inicio\/despues1web\/\" class=\"wp-image-530\" srcset=\"https:\/\/www.diamondzlash.com\/wp-content\/uploads\/2021\/10\/despues1web-1024x1024.jpg 1024w, https:\/\/www.diamondzlash.com\/wp-content\/uploads\/2021\/10\/despues1web-300x300.jpg 300w, https:\/\/www.diamondzlash.com\/wp-content\/uploads\/2021\/10\/despues1web-100x100.jpg 100w, https:\/\/www.diamondzlash.com\/wp-content\/uploads\/2021\/10\/despues1web-600x600.jpg 600w, https:\/\/www.diamondzlash.com\/wp-content\/uploads\/2021\/10\/despues1web-150x150.jpg 150w, https:\/\/www.diamondzlash.com\/wp-content\/uploads\/2021\/10\/despues1web-768x767.jpg 768w, https:\/\/www.diamondzlash.com\/wp-content\/uploads\/2021\/10\/despues1web-12x12.jpg 12w, https:\/\/www.diamondzlash.com\/wp-content\/uploads\/2021\/10\/despues1web.jpg 1520w\" sizes=\"(max-width: 1024px) 100vw, 1024px\" \/><\/figure><\/li><\/ul><\/div><\/div>\n\n\n\n<div class=\"wp-block-image is-style-default\"><figure class=\"aligncenter size-large\"><img loading=\"lazy\" width=\"882\" height=\"1024\" src=\"http:\/\/www.diamondzlash.com\/wp-content\/uploads\/2021\/10\/cd6ec7b8-0ffe-4e5d-9a7a-a46544c0bdd3_2-1_b.jpg\" alt=\"\" class=\"wp-image-544\" srcset=\"https:\/\/www.diamondzlash.com\/wp-content\/uploads\/2021\/10\/cd6ec7b8-0ffe-4e5d-9a7a-a46544c0bdd3_2-1_b.jpg 989w, https:\/\/www.diamondzlash.com\/wp-content\/uploads\/2021\/10\/cd6ec7b8-0ffe-4e5d-9a7a-a46544c0bdd3_2-1_b-600x696.jpg 600w, https:\/\/www.diamondzlash.com\/wp-content\/uploads\/2021\/10\/cd6ec7b8-0ffe-4e5d-9a7a-a46544c0bdd3_2-1_b-258x300.jpg 258w, https:\/\/www.diamondzlash.com\/wp-content\/uploads\/2021\/10\/cd6ec7b8-0ffe-4e5d-9a7a-a46544c0bdd3_2-1_b-882x1024.jpg 882w, https:\/\/www.diamondzlash.com\/wp-content\/uploads\/2021\/10\/cd6ec7b8-0ffe-4e5d-9a7a-a46544c0bdd3_2-1_b-768x891.jpg 768w, https:\/\/www.diamondzlash.com\/wp-content\/uploads\/2021\/10\/cd6ec7b8-0ffe-4e5d-9a7a-a46544c0bdd3_2-1_b-10x12.jpg 10w\" sizes=\"(max-width: 882px) 100vw, 882px\" \/><\/figure><\/div>\n\n\n\n<div class=\"wp-container-3 wp-block-columns alignwide\">\n<div class=\"wp-container-1 wp-block-column\" style=\"flex-basis:40%\">\n<blockquote class=\"wp-block-quote\"><p>We are your fellow allies<\/p><cite>Hany Zaky, founder<\/cite><\/blockquote>\n<\/div>\n\n\n\n<div class=\"wp-container-2 wp-block-column\" style=\"flex-basis:60%\">\n<p><strong>DIAMOND Z LASH<\/strong> It is a safe, effective product and does not require a prescription, we belong to the category of drug-free cosmetic alternative, without side effects. <\/p>\n\n\n\n<p>Go ahead and be part of this great launch in the world of beauty, and discover the infinite possibilities to improve your economy, starting a business that we know you will love!<\/p>\n\n\n\n<div class=\"wp-block-button aligncenter\"><a class=\"wp-block-button__link\" href=\"https:\/\/www.diamondzlash.com\/en\/acerca-de\/\">Be an Associate<\/a><\/div>\n<\/div>\n<\/div>\n\n\n\n<figure class=\"wp-block-image alignfull size-full coblocks-animate\" data-coblocks-animation=\"slideInBottom\"><img loading=\"lazy\" width=\"2560\" height=\"1707\" src=\"http:\/\/www.diamondzlash.com\/wp-content\/uploads\/2021\/09\/emilia-agosto-8998-scaled.jpg\" alt=\"diamondzlash.com\" class=\"wp-image-59\" srcset=\"https:\/\/www.diamondzlash.com\/wp-content\/uploads\/2021\/09\/emilia-agosto-8998-scaled.jpg 2560w, https:\/\/www.diamondzlash.com\/wp-content\/uploads\/2021\/09\/emilia-agosto-8998-scaled-600x400.jpg 600w, https:\/\/www.diamondzlash.com\/wp-content\/uploads\/2021\/09\/emilia-agosto-8998-300x200.jpg 300w\" sizes=\"(max-width: 2560px) 100vw, 2560px\" \/><\/figure>","protected":false},"excerpt":{"rendered":"<p>Mirada que Conquista Diamond Z Lash Enhancer es un potente Serum realzador de pesta\u00f1as, creado por un equipo de Cient\u00edficos especializados en cosm\u00e9tica. Esta f\u00f3rmula innovadora y poderosa est\u00e1 cl\u00ednicamente comprobada para desarrollar pesta\u00f1as m\u00e1s largas y gruesas, a la vez que ayuda a que las pesta\u00f1as fr\u00e1giles y quebradizas luzcan sanas y fuertes. \u00a1Pesta\u00f1as [&hellip;]<\/p>","protected":false},"author":1,"featured_media":0,"parent":0,"menu_order":0,"comment_status":"closed","ping_status":"closed","template":"","meta":{"_coblocks_attr":"","_coblocks_dimensions":"","_coblocks_responsive_height":"","_coblocks_accordion_ie_support":"","hide_page_title":""},"_links":{"self":[{"href":"https:\/\/www.diamondzlash.com\/en\/wp-json\/wp\/v2\/pages\/25"}],"collection":[{"href":"https:\/\/www.diamondzlash.com\/en\/wp-json\/wp\/v2\/pages"}],"about":[{"href":"https:\/\/www.diamondzlash.com\/en\/wp-json\/wp\/v2\/types\/page"}],"author":[{"embeddable":true,"href":"https:\/\/www.diamondzlash.com\/en\/wp-json\/wp\/v2\/users\/1"}],"replies":[{"embeddable":true,"href":"https:\/\/www.diamondzlash.com\/en\/wp-json\/wp\/v2\/comments?post=25"}],"version-history":[{"count":116,"href":"https:\/\/www.diamondzlash.com\/en\/wp-json\/wp\/v2\/pages\/25\/revisions"}],"predecessor-version":[{"id":545,"href":"https:\/\/www.diamondzlash.com\/en\/wp-json\/wp\/v2\/pages\/25\/revisions\/545"}],"wp:attachment":[{"href":"https:\/\/www.diamondzlash.com\/en\/wp-json\/wp\/v2\/media?parent=25"}],"curies":[{"name":"wp","href":"https:\/\/api.w.org\/{rel}","templated":true}]}}